{"id":1621,"date":"2016-07-07T08:21:31","date_gmt":"2016-07-07T08:21:31","guid":{"rendered":"http:\/\/aquaticnotes.com\/2016\/?page_id=1621"},"modified":"2022-10-01T08:23:44","modified_gmt":"2022-10-01T08:23:44","slug":"libros-movil","status":"publish","type":"page","link":"https:\/\/aquaticnotes.com\/2016\/es\/libros-movil\/","title":{"rendered":"Libros*"},"content":{"rendered":"\n<style>\nh2{\n    font-family: MTCORSVA;\n    font-size: 26px;\n    font-weight: 300px;\n    padding-top: 15px;\ntext-align: center;\n}\n.autor\n{\nposition: relative;\ntext-align: center;\n    display: block;\n    margin: 1em 0 0 0;\n    padding: 1em 0 0 0;\n    text-transform: uppercase;\n    letter-spacing: 1px;\n    font-weight: 400;\n    font-size: 0.8em;\n    font-family: \"Lato\", sans-serif;}\n.details ul{ list-style:none;}\n.details il{ width: 50%;}\nh3{padding: 1em 0 0 0;}\n<\/style>\n\n\n\n<h2 class=\"wp-block-heading\">Bl\u00e9nidos del Mediterr\u00e1neo<\/h2>\n\n\n\n<p class=\"autor\">Jose M\u00aa Cid Ruiz<\/p>\n\n\n<style type=\"text\/css\">\n\t#foogallery-gallery-1628 .fg-image {\n        width: 356px;\n    }\n<\/style>\n\t\t\t\t<div class=\"foogallery foogallery-container foogallery-image-viewer foogallery-link-none foogallery-lightbox-foobox-free fg-center fg-image-viewer fg-light fg-border-thin fg-shadow-outline fg-loading-default fg-loaded-fade-in fg-ready\" id=\"foogallery-gallery-1628\" data-foogallery=\"{&quot;item&quot;:{&quot;showCaptionTitle&quot;:true,&quot;showCaptionDescription&quot;:true},&quot;lazy&quot;:true,&quot;template&quot;:{&quot;loop&quot;:true}}\" >\n\t<div class=\"fiv-inner\">\n\t\t<div class=\"fiv-inner-container\">\n\t\t\t<div class=\"fg-item fg-type-image fg-idle\"><figure class=\"fg-item-inner\"><a data-attachment-id=\"1684\" data-type=\"image\" class=\"fg-thumb\"><span class=\"fg-image-wrap\"><img fetchpriority=\"high\" decoding=\"async\" width=\"356\" height=\"536\" class=\"skip-lazy fg-image\" data-src-fg=\"https:\/\/aquaticnotes.com\/2016\/wp-content\/uploads\/2016\/07\/blenidos1003.jpg\" src=\"data:image\/svg+xml,%3Csvg%20xmlns%3D%22http%3A%2F%2Fwww.w3.org%2F2000%2Fsvg%22%20width%3D%22356%22%20height%3D%22536%22%20viewBox%3D%220%200%20356%20536%22%3E%3C%2Fsvg%3E\" loading=\"eager\"><\/span><span class=\"fg-image-overlay\"><\/span><\/a><figcaption class=\"fg-caption\"><div class=\"fg-caption-inner\"><\/div><\/figcaption><\/figure><div class=\"fg-loader\"><\/div><\/div><div class=\"fg-item fg-type-image fg-idle\"><figure class=\"fg-item-inner\"><a data-attachment-id=\"1346\" data-type=\"image\" class=\"fg-thumb\"><span class=\"fg-image-wrap\"><img decoding=\"async\" width=\"356\" height=\"494\" class=\"skip-lazy fg-image\" data-src-fg=\"https:\/\/aquaticnotes.com\/2016\/wp-content\/uploads\/cache\/2016\/03\/blenidos2004-Medium\/-683453435.jpg\" src=\"data:image\/svg+xml,%3Csvg%20xmlns%3D%22http%3A%2F%2Fwww.w3.org%2F2000%2Fsvg%22%20width%3D%22356%22%20height%3D%22494%22%20viewBox%3D%220%200%20356%20494%22%3E%3C%2Fsvg%3E\" loading=\"eager\"><\/span><span class=\"fg-image-overlay\"><\/span><\/a><figcaption class=\"fg-caption\"><div class=\"fg-caption-inner\"><\/div><\/figcaption><\/figure><div class=\"fg-loader\"><\/div><\/div><div class=\"fg-item fg-type-image fg-idle\"><figure class=\"fg-item-inner\"><a data-attachment-id=\"1363\" data-type=\"image\" class=\"fg-thumb\"><span class=\"fg-image-wrap\"><img decoding=\"async\" width=\"356\" height=\"401\" class=\"skip-lazy fg-image\" data-src-fg=\"https:\/\/aquaticnotes.com\/2016\/wp-content\/uploads\/cache\/2016\/03\/blenidos-pag2\/623652975.jpg\" src=\"data:image\/svg+xml,%3Csvg%20xmlns%3D%22http%3A%2F%2Fwww.w3.org%2F2000%2Fsvg%22%20width%3D%22356%22%20height%3D%22401%22%20viewBox%3D%220%200%20356%20401%22%3E%3C%2Fsvg%3E\" loading=\"eager\"><\/span><span class=\"fg-image-overlay\"><\/span><\/a><figcaption class=\"fg-caption\"><div class=\"fg-caption-inner\"><\/div><\/figcaption><\/figure><div class=\"fg-loader\"><\/div><\/div><div class=\"fg-item fg-type-image fg-idle\"><figure class=\"fg-item-inner\"><a data-attachment-id=\"1366\" data-type=\"image\" class=\"fg-thumb\"><span class=\"fg-image-wrap\"><img decoding=\"async\" width=\"356\" height=\"411\" class=\"skip-lazy fg-image\" data-src-fg=\"https:\/\/aquaticnotes.com\/2016\/wp-content\/uploads\/cache\/2016\/03\/blenidos-pag3\/-1230767782.jpg\" src=\"data:image\/svg+xml,%3Csvg%20xmlns%3D%22http%3A%2F%2Fwww.w3.org%2F2000%2Fsvg%22%20width%3D%22356%22%20height%3D%22411%22%20viewBox%3D%220%200%20356%20411%22%3E%3C%2Fsvg%3E\" loading=\"eager\"><\/span><span class=\"fg-image-overlay\"><\/span><\/a><figcaption class=\"fg-caption\"><div class=\"fg-caption-inner\"><\/div><\/figcaption><\/figure><div class=\"fg-loader\"><\/div><\/div><div class=\"fg-item fg-type-image fg-idle\"><figure class=\"fg-item-inner\"><a data-attachment-id=\"1367\" data-type=\"image\" class=\"fg-thumb\"><span class=\"fg-image-wrap\"><img decoding=\"async\" width=\"356\" height=\"409\" class=\"skip-lazy fg-image\" data-src-fg=\"https:\/\/aquaticnotes.com\/2016\/wp-content\/uploads\/cache\/2016\/03\/blenidos-pag4\/431856139.jpg\" src=\"data:image\/svg+xml,%3Csvg%20xmlns%3D%22http%3A%2F%2Fwww.w3.org%2F2000%2Fsvg%22%20width%3D%22356%22%20height%3D%22409%22%20viewBox%3D%220%200%20356%20409%22%3E%3C%2Fsvg%3E\" loading=\"eager\"><\/span><span class=\"fg-image-overlay\"><\/span><\/a><figcaption class=\"fg-caption\"><div class=\"fg-caption-inner\"><\/div><\/figcaption><\/figure><div class=\"fg-loader\"><\/div><\/div>\t\t<\/div>\n\t\t<div class=\"fiv-ctrls\">\n\t\t\t<div class=\"fiv-prev\"><span>&lt;<\/span><\/div>\n\t\t\t<label class=\"fiv-count\"><span class=\"fiv-count-current\">1<\/span>\/<span class=\"fiv-count-total\">5<\/span><\/label>\n\t\t\t<div class=\"fiv-next\"><span>&gt;<\/span><\/div>\n\t\t<\/div>\n\t<\/div>\n<\/div>\n\n\n\n<ul><li>Manual de introducci\u00f3n para el reconocimiento, recolecci\u00f3n, mantenimiento y reproducci\u00f3n de las especies de bl\u00e9nidos que pueblan las costas del Mediterr\u00e1neo Espa\u00f1ol<\/li><li><strong>Anarpa<\/strong><\/li><li><strong>ISBN 84-604-7973-0<\/strong><\/li><li><strong>214 pags<\/strong><\/li><\/ul>\n\n\n\n<h3 class=\"wp-block-heading\">\u00bfInteresado en adquirir un ejemplar?<br><a href=\"#ABAJO\">Haga su pedido aqu\u00ed<\/a><\/h3>\n\n\n\n<div style=\"height:100px\" aria-hidden=\"true\" class=\"wp-block-spacer\"><\/div>\n\n\n\n<h2 class=\"wp-block-heading\">El Agua del Acuario<\/h2>\n\n\n\n<p class=\"autor\">Jose M\u00aa Cid Ruiz<\/p>\n\n\n<style type=\"text\/css\">\n\t#foogallery-gallery-1722 .fg-image {\n        width: 640px;\n    }\n<\/style>\n\t\t\t\t<div class=\"foogallery foogallery-container foogallery-image-viewer foogallery-link-none foogallery-lightbox-foobox-free fg-center fg-image-viewer fg-light fg-border-thin fg-shadow-outline fg-loading-default fg-loaded-fade-in fg-ready\" id=\"foogallery-gallery-1722\" data-foogallery=\"{&quot;item&quot;:{&quot;showCaptionTitle&quot;:true,&quot;showCaptionDescription&quot;:true},&quot;lazy&quot;:true,&quot;template&quot;:{&quot;loop&quot;:true}}\" >\n\t<div class=\"fiv-inner\">\n\t\t<div class=\"fiv-inner-container\">\n\t\t\t<div class=\"fg-item fg-type-image fg-idle\"><figure class=\"fg-item-inner\"><a data-attachment-id=\"1685\" data-type=\"image\" class=\"fg-thumb\"><span class=\"fg-image-wrap\"><img decoding=\"async\" width=\"329\" height=\"360\" class=\"skip-lazy fg-image\" data-src-fg=\"https:\/\/aquaticnotes.com\/2016\/wp-content\/uploads\/cache\/2016\/07\/X61a_portada_v2-Large\/-1161289300.jpg\" src=\"data:image\/svg+xml,%3Csvg%20xmlns%3D%22http%3A%2F%2Fwww.w3.org%2F2000%2Fsvg%22%20width%3D%22329%22%20height%3D%22360%22%20viewBox%3D%220%200%20329%20360%22%3E%3C%2Fsvg%3E\" loading=\"eager\"><\/span><span class=\"fg-image-overlay\"><\/span><\/a><figcaption class=\"fg-caption\"><div class=\"fg-caption-inner\"><\/div><\/figcaption><\/figure><div class=\"fg-loader\"><\/div><\/div><div class=\"fg-item fg-type-image fg-idle\"><figure class=\"fg-item-inner\"><a data-attachment-id=\"1629\" data-type=\"image\" class=\"fg-thumb\"><span class=\"fg-image-wrap\"><img decoding=\"async\" width=\"320\" height=\"360\" class=\"skip-lazy fg-image\" data-src-fg=\"https:\/\/aquaticnotes.com\/2016\/wp-content\/uploads\/cache\/2016\/07\/1\/1596876726.jpg\" src=\"data:image\/svg+xml,%3Csvg%20xmlns%3D%22http%3A%2F%2Fwww.w3.org%2F2000%2Fsvg%22%20width%3D%22320%22%20height%3D%22360%22%20viewBox%3D%220%200%20320%20360%22%3E%3C%2Fsvg%3E\" loading=\"eager\"><\/span><span class=\"fg-image-overlay\"><\/span><\/a><figcaption class=\"fg-caption\"><div class=\"fg-caption-inner\"><\/div><\/figcaption><\/figure><div class=\"fg-loader\"><\/div><\/div><div class=\"fg-item fg-type-image fg-idle\"><figure class=\"fg-item-inner\"><a data-attachment-id=\"1630\" data-type=\"image\" class=\"fg-thumb\"><span class=\"fg-image-wrap\"><img decoding=\"async\" width=\"320\" height=\"360\" class=\"skip-lazy fg-image\" data-src-fg=\"https:\/\/aquaticnotes.com\/2016\/wp-content\/uploads\/cache\/2016\/07\/2\/249366109.png\" src=\"data:image\/svg+xml,%3Csvg%20xmlns%3D%22http%3A%2F%2Fwww.w3.org%2F2000%2Fsvg%22%20width%3D%22320%22%20height%3D%22360%22%20viewBox%3D%220%200%20320%20360%22%3E%3C%2Fsvg%3E\" loading=\"eager\"><\/span><span class=\"fg-image-overlay\"><\/span><\/a><figcaption class=\"fg-caption\"><div class=\"fg-caption-inner\"><\/div><\/figcaption><\/figure><div class=\"fg-loader\"><\/div><\/div><div class=\"fg-item fg-type-image fg-idle\"><figure class=\"fg-item-inner\"><a data-attachment-id=\"1631\" data-type=\"image\" class=\"fg-thumb\"><span class=\"fg-image-wrap\"><img decoding=\"async\" width=\"333\" height=\"360\" class=\"skip-lazy fg-image\" data-src-fg=\"https:\/\/aquaticnotes.com\/2016\/wp-content\/uploads\/cache\/2016\/07\/3\/-834218342.jpg\" src=\"data:image\/svg+xml,%3Csvg%20xmlns%3D%22http%3A%2F%2Fwww.w3.org%2F2000%2Fsvg%22%20width%3D%22333%22%20height%3D%22360%22%20viewBox%3D%220%200%20333%20360%22%3E%3C%2Fsvg%3E\" loading=\"eager\"><\/span><span class=\"fg-image-overlay\"><\/span><\/a><figcaption class=\"fg-caption\"><div class=\"fg-caption-inner\"><\/div><\/figcaption><\/figure><div class=\"fg-loader\"><\/div><\/div><div class=\"fg-item fg-type-image fg-idle\"><figure class=\"fg-item-inner\"><a data-attachment-id=\"1632\" data-type=\"image\" class=\"fg-thumb\"><span class=\"fg-image-wrap\"><img decoding=\"async\" width=\"326\" height=\"360\" class=\"skip-lazy fg-image\" data-src-fg=\"https:\/\/aquaticnotes.com\/2016\/wp-content\/uploads\/cache\/2016\/07\/4\/1450620746.jpg\" src=\"data:image\/svg+xml,%3Csvg%20xmlns%3D%22http%3A%2F%2Fwww.w3.org%2F2000%2Fsvg%22%20width%3D%22326%22%20height%3D%22360%22%20viewBox%3D%220%200%20326%20360%22%3E%3C%2Fsvg%3E\" loading=\"eager\"><\/span><span class=\"fg-image-overlay\"><\/span><\/a><figcaption class=\"fg-caption\"><div class=\"fg-caption-inner\"><\/div><\/figcaption><\/figure><div class=\"fg-loader\"><\/div><\/div><div class=\"fg-item fg-type-image fg-idle\"><figure class=\"fg-item-inner\"><a data-attachment-id=\"1633\" data-type=\"image\" class=\"fg-thumb\"><span class=\"fg-image-wrap\"><img decoding=\"async\" width=\"320\" height=\"360\" class=\"skip-lazy fg-image\" data-src-fg=\"https:\/\/aquaticnotes.com\/2016\/wp-content\/uploads\/cache\/2016\/07\/5\/-344952941.jpg\" src=\"data:image\/svg+xml,%3Csvg%20xmlns%3D%22http%3A%2F%2Fwww.w3.org%2F2000%2Fsvg%22%20width%3D%22320%22%20height%3D%22360%22%20viewBox%3D%220%200%20320%20360%22%3E%3C%2Fsvg%3E\" loading=\"eager\"><\/span><span class=\"fg-image-overlay\"><\/span><\/a><figcaption class=\"fg-caption\"><div class=\"fg-caption-inner\"><\/div><\/figcaption><\/figure><div class=\"fg-loader\"><\/div><\/div><div class=\"fg-item fg-type-image fg-idle\"><figure class=\"fg-item-inner\"><a data-attachment-id=\"1634\" data-type=\"image\" class=\"fg-thumb\"><span class=\"fg-image-wrap\"><img decoding=\"async\" width=\"332\" height=\"360\" class=\"skip-lazy fg-image\" data-src-fg=\"https:\/\/aquaticnotes.com\/2016\/wp-content\/uploads\/cache\/2016\/07\/6\/-1756008454.png\" src=\"data:image\/svg+xml,%3Csvg%20xmlns%3D%22http%3A%2F%2Fwww.w3.org%2F2000%2Fsvg%22%20width%3D%22332%22%20height%3D%22360%22%20viewBox%3D%220%200%20332%20360%22%3E%3C%2Fsvg%3E\" loading=\"eager\"><\/span><span class=\"fg-image-overlay\"><\/span><\/a><figcaption class=\"fg-caption\"><div class=\"fg-caption-inner\"><\/div><\/figcaption><\/figure><div class=\"fg-loader\"><\/div><\/div>\t\t<\/div>\n\t\t<div class=\"fiv-ctrls\">\n\t\t\t<div class=\"fiv-prev\"><span>&lt;<\/span><\/div>\n\t\t\t<label class=\"fiv-count\"><span class=\"fiv-count-current\">1<\/span>\/<span class=\"fiv-count-total\">7<\/span><\/label>\n\t\t\t<div class=\"fiv-next\"><span>&gt;<\/span><\/div>\n\t\t<\/div>\n\t<\/div>\n<\/div>\n\n\n\n<ul><li>Este libro te ayudar\u00e1 a fijar conceptos claros y sencillos acerca de la qu\u00edmica del acuario y con ello a que puedas desarrollar tus propios criterios de actuaci\u00f3n para el mantenimiento y reproducci\u00f3n de tus especies favoritas.<\/li><li>Aquatic Notes<\/li><li><strong>ISBN 978-84-608-8847-5<\/strong><\/li><li><strong>104 pags<\/strong><\/li><\/ul>\n\n\n\n<h3 class=\"wp-block-heading\">\u00bfInteresado en adquirir un ejemplar?<br><a href=\"#ABAJO\">Haga su pedido aqu\u00ed<\/a><\/h3>\n\n\n\n<h2 class=\"wp-block-heading\" id=\"ABAJO\"> <\/h2>\n\n\n\n<div id=\"comentario\">\n<h3>Haga su pedido<\/h3>\n<p>Rellene lo siguientes campos y nos pondremos en contacto con usted lo antes posible.<\/p>\n<div role=\"form\" class=\"wpcf7\" id=\"wpcf7-f1192-o1\" lang=\"es-ES\" dir=\"ltr\">\n<div class=\"screen-reader-response\"><p role=\"status\" aria-live=\"polite\" aria-atomic=\"true\"><\/p> <ul><\/ul><\/div>\n<form action=\"\/2016\/wp-json\/wp\/v2\/pages\/1621#wpcf7-f1192-o1\" method=\"post\" class=\"wpcf7-form init\" novalidate=\"novalidate\" data-status=\"init\">\n<div style=\"display: none;\">\n<input type=\"hidden\" name=\"_wpcf7\" value=\"1192\" \/>\n<input type=\"hidden\" name=\"_wpcf7_version\" value=\"5.6.4\" \/>\n<input type=\"hidden\" name=\"_wpcf7_locale\" value=\"es_ES\" \/>\n<input type=\"hidden\" name=\"_wpcf7_unit_tag\" value=\"wpcf7-f1192-o1\" \/>\n<input type=\"hidden\" name=\"_wpcf7_container_post\" value=\"0\" \/>\n<input type=\"hidden\" name=\"_wpcf7_posted_data_hash\" value=\"\" \/>\n<input type=\"hidden\" name=\"_wpcf7_recaptcha_response\" value=\"\" \/>\n<\/div>\n<p><\/br><\/p>\n<p>Su nombre (requerido)<br \/>\n    <span class=\"wpcf7-form-control-wrap\" data-name=\"your-name\"><input type=\"text\" name=\"your-name\" value=\"\" size=\"40\" class=\"wpcf7-form-control wpcf7-text wpcf7-validates-as-required\" aria-required=\"true\" aria-invalid=\"false\" \/><\/span> <\/p>\n<p>Su Email (requerido)<br \/>\n<span class=\"wpcf7-form-control-wrap\" data-name=\"your-email\"><input type=\"email\" name=\"your-email\" value=\"\" size=\"40\" class=\"wpcf7-form-control wpcf7-text wpcf7-email wpcf7-validates-as-required wpcf7-validates-as-email\" aria-required=\"true\" aria-invalid=\"false\" \/><\/span> <\/p>\n<p>Asunto<br \/>\n    <span class=\"wpcf7-form-control-wrap\" data-name=\"your-subject\"><input type=\"text\" name=\"your-subject\" value=\"\" size=\"40\" class=\"wpcf7-form-control wpcf7-text\" aria-invalid=\"false\" \/><\/span> <\/p>\n<p>Su mensaje<br \/>\n    <span class=\"wpcf7-form-control-wrap\" data-name=\"your-message\"><textarea name=\"your-message\" cols=\"40\" rows=\"10\" class=\"wpcf7-form-control wpcf7-textarea\" aria-invalid=\"false\"><\/textarea><\/span> <\/p>\n<p><input type=\"submit\" value=\"Enviar\" class=\"wpcf7-form-control has-spinner wpcf7-submit\" \/><\/p>\n<p><\/br><\/p>\n<p style=\"display: none !important;\" class=\"akismet-fields-container\" data-prefix=\"_wpcf7_ak_\"><label>&#916;<textarea name=\"_wpcf7_ak_hp_textarea\" cols=\"45\" rows=\"8\" maxlength=\"100\"><\/textarea><\/label><input type=\"hidden\" id=\"ak_js_1\" name=\"_wpcf7_ak_js\" value=\"154\"\/><script>document.getElementById( \"ak_js_1\" ).setAttribute( \"value\", ( new Date() ).getTime() );<\/script><\/p><div class=\"wpcf7-response-output\" aria-hidden=\"true\"><\/div><\/form><\/div><\/div>\n","protected":false},"excerpt":{"rendered":"<p>Bl\u00e9nidos del Mediterr\u00e1neo Jose M\u00aa Cid Ruiz Manual de introducci\u00f3n para el reconocimiento, recolecci\u00f3n, mantenimiento y reproducci\u00f3n de las especies de bl\u00e9nidos que pueblan las costas del Mediterr\u00e1neo Espa\u00f1ol Anarpa ISBN 84-604-7973-0 214 pags \u00bfInteresado en adquirir un ejemplar?Haga su pedido aqu\u00ed El Agua del Acuario Jose M\u00aa Cid Ruiz Este libro te ayudar\u00e1 a [&hellip;]<\/p>\n","protected":false},"author":1,"featured_media":0,"parent":0,"menu_order":0,"comment_status":"closed","ping_status":"closed","template":"","meta":{"_themeisle_gutenberg_block_has_review":false,"_vp_format_video_url":"","_vp_image_focal_point":[],"footnotes":""},"yoast_head":"<!-- This site is optimized with the Yoast SEO plugin v22.8 - https:\/\/yoast.com\/wordpress\/plugins\/seo\/ -->\n<title>Libros* - Aquatic Notes<\/title>\n<meta name=\"robots\" content=\"index, follow, max-snippet:-1, max-image-preview:large, max-video-preview:-1\" \/>\n<link rel=\"canonical\" href=\"https:\/\/aquaticnotes.com\/2016\/es\/libros-movil\/\" \/>\n<meta property=\"og:locale\" content=\"es_ES\" \/>\n<meta property=\"og:type\" content=\"article\" \/>\n<meta property=\"og:title\" content=\"Libros* - Aquatic Notes\" \/>\n<meta property=\"og:description\" content=\"Bl\u00e9nidos del Mediterr\u00e1neo Jose M\u00aa Cid Ruiz Manual de introducci\u00f3n para el reconocimiento, recolecci\u00f3n, mantenimiento y reproducci\u00f3n de las especies de bl\u00e9nidos que pueblan las costas del Mediterr\u00e1neo Espa\u00f1ol Anarpa ISBN 84-604-7973-0 214 pags \u00bfInteresado en adquirir un ejemplar?Haga su pedido aqu\u00ed El Agua del Acuario Jose M\u00aa Cid Ruiz Este libro te ayudar\u00e1 a [&hellip;]\" \/>\n<meta property=\"og:url\" content=\"https:\/\/aquaticnotes.com\/2016\/es\/libros-movil\/\" \/>\n<meta property=\"og:site_name\" content=\"Aquatic Notes\" \/>\n<meta property=\"article:publisher\" content=\"https:\/\/www.facebook.com\/aquatic.notes\" \/>\n<meta property=\"article:modified_time\" content=\"2022-10-01T08:23:44+00:00\" \/>\n<meta name=\"twitter:card\" content=\"summary_large_image\" \/>\n<meta name=\"twitter:site\" content=\"@aquaticnotes\" \/>\n<meta name=\"twitter:label1\" content=\"Tiempo de lectura\" \/>\n\t<meta name=\"twitter:data1\" content=\"1 minuto\" \/>\n<script type=\"application\/ld+json\" class=\"yoast-schema-graph\">{\"@context\":\"https:\/\/schema.org\",\"@graph\":[{\"@type\":\"WebPage\",\"@id\":\"https:\/\/aquaticnotes.com\/2016\/es\/libros-movil\/\",\"url\":\"https:\/\/aquaticnotes.com\/2016\/es\/libros-movil\/\",\"name\":\"Libros* - Aquatic Notes\",\"isPartOf\":{\"@id\":\"https:\/\/aquaticnotes.com\/2016\/#website\"},\"datePublished\":\"2016-07-07T08:21:31+00:00\",\"dateModified\":\"2022-10-01T08:23:44+00:00\",\"breadcrumb\":{\"@id\":\"https:\/\/aquaticnotes.com\/2016\/es\/libros-movil\/#breadcrumb\"},\"inLanguage\":\"es\",\"potentialAction\":[{\"@type\":\"ReadAction\",\"target\":[\"https:\/\/aquaticnotes.com\/2016\/es\/libros-movil\/\"]}]},{\"@type\":\"BreadcrumbList\",\"@id\":\"https:\/\/aquaticnotes.com\/2016\/es\/libros-movil\/#breadcrumb\",\"itemListElement\":[{\"@type\":\"ListItem\",\"position\":1,\"name\":\"Portada\",\"item\":\"https:\/\/aquaticnotes.com\/2016\/\"},{\"@type\":\"ListItem\",\"position\":2,\"name\":\"Libros*\"}]},{\"@type\":\"WebSite\",\"@id\":\"https:\/\/aquaticnotes.com\/2016\/#website\",\"url\":\"https:\/\/aquaticnotes.com\/2016\/\",\"name\":\"Aquatic Notes\",\"description\":\"Web de informaci\u00f3n de acuariofilia\",\"publisher\":{\"@id\":\"https:\/\/aquaticnotes.com\/2016\/#organization\"},\"potentialAction\":[{\"@type\":\"SearchAction\",\"target\":{\"@type\":\"EntryPoint\",\"urlTemplate\":\"https:\/\/aquaticnotes.com\/2016\/?s={search_term_string}\"},\"query-input\":\"required name=search_term_string\"}],\"inLanguage\":\"es\"},{\"@type\":\"Organization\",\"@id\":\"https:\/\/aquaticnotes.com\/2016\/#organization\",\"name\":\"Aquatic Notes\",\"url\":\"https:\/\/aquaticnotes.com\/2016\/\",\"logo\":{\"@type\":\"ImageObject\",\"inLanguage\":\"es\",\"@id\":\"https:\/\/aquaticnotes.com\/2016\/#\/schema\/logo\/image\/\",\"url\":\"https:\/\/aquaticnotes.com\/2016\/wp-content\/uploads\/2015\/10\/logo_prueba1.png\",\"contentUrl\":\"https:\/\/aquaticnotes.com\/2016\/wp-content\/uploads\/2015\/10\/logo_prueba1.png\",\"width\":607,\"height\":600,\"caption\":\"Aquatic Notes\"},\"image\":{\"@id\":\"https:\/\/aquaticnotes.com\/2016\/#\/schema\/logo\/image\/\"},\"sameAs\":[\"https:\/\/www.facebook.com\/aquatic.notes\",\"https:\/\/x.com\/aquaticnotes\",\"https:\/\/www.youtube.com\/user\/AquaticNotes\",\"https:\/\/www.flickr.com\/photos\/125107252@N05\/\",\"https:\/\/www.instagram.com\/aquaticnotes\/\"]}]}<\/script>\n<!-- \/ Yoast SEO plugin. -->","yoast_head_json":{"title":"Libros* - Aquatic Notes","robots":{"index":"index","follow":"follow","max-snippet":"max-snippet:-1","max-image-preview":"max-image-preview:large","max-video-preview":"max-video-preview:-1"},"canonical":"https:\/\/aquaticnotes.com\/2016\/es\/libros-movil\/","og_locale":"es_ES","og_type":"article","og_title":"Libros* - Aquatic Notes","og_description":"Bl\u00e9nidos del Mediterr\u00e1neo Jose M\u00aa Cid Ruiz Manual de introducci\u00f3n para el reconocimiento, recolecci\u00f3n, mantenimiento y reproducci\u00f3n de las especies de bl\u00e9nidos que pueblan las costas del Mediterr\u00e1neo Espa\u00f1ol Anarpa ISBN 84-604-7973-0 214 pags \u00bfInteresado en adquirir un ejemplar?Haga su pedido aqu\u00ed El Agua del Acuario Jose M\u00aa Cid Ruiz Este libro te ayudar\u00e1 a [&hellip;]","og_url":"https:\/\/aquaticnotes.com\/2016\/es\/libros-movil\/","og_site_name":"Aquatic Notes","article_publisher":"https:\/\/www.facebook.com\/aquatic.notes","article_modified_time":"2022-10-01T08:23:44+00:00","twitter_card":"summary_large_image","twitter_site":"@aquaticnotes","twitter_misc":{"Tiempo de lectura":"1 minuto"},"schema":{"@context":"https:\/\/schema.org","@graph":[{"@type":"WebPage","@id":"https:\/\/aquaticnotes.com\/2016\/es\/libros-movil\/","url":"https:\/\/aquaticnotes.com\/2016\/es\/libros-movil\/","name":"Libros* - Aquatic Notes","isPartOf":{"@id":"https:\/\/aquaticnotes.com\/2016\/#website"},"datePublished":"2016-07-07T08:21:31+00:00","dateModified":"2022-10-01T08:23:44+00:00","breadcrumb":{"@id":"https:\/\/aquaticnotes.com\/2016\/es\/libros-movil\/#breadcrumb"},"inLanguage":"es","potentialAction":[{"@type":"ReadAction","target":["https:\/\/aquaticnotes.com\/2016\/es\/libros-movil\/"]}]},{"@type":"BreadcrumbList","@id":"https:\/\/aquaticnotes.com\/2016\/es\/libros-movil\/#breadcrumb","itemListElement":[{"@type":"ListItem","position":1,"name":"Portada","item":"https:\/\/aquaticnotes.com\/2016\/"},{"@type":"ListItem","position":2,"name":"Libros*"}]},{"@type":"WebSite","@id":"https:\/\/aquaticnotes.com\/2016\/#website","url":"https:\/\/aquaticnotes.com\/2016\/","name":"Aquatic Notes","description":"Web de informaci\u00f3n de acuariofilia","publisher":{"@id":"https:\/\/aquaticnotes.com\/2016\/#organization"},"potentialAction":[{"@type":"SearchAction","target":{"@type":"EntryPoint","urlTemplate":"https:\/\/aquaticnotes.com\/2016\/?s={search_term_string}"},"query-input":"required name=search_term_string"}],"inLanguage":"es"},{"@type":"Organization","@id":"https:\/\/aquaticnotes.com\/2016\/#organization","name":"Aquatic Notes","url":"https:\/\/aquaticnotes.com\/2016\/","logo":{"@type":"ImageObject","inLanguage":"es","@id":"https:\/\/aquaticnotes.com\/2016\/#\/schema\/logo\/image\/","url":"https:\/\/aquaticnotes.com\/2016\/wp-content\/uploads\/2015\/10\/logo_prueba1.png","contentUrl":"https:\/\/aquaticnotes.com\/2016\/wp-content\/uploads\/2015\/10\/logo_prueba1.png","width":607,"height":600,"caption":"Aquatic Notes"},"image":{"@id":"https:\/\/aquaticnotes.com\/2016\/#\/schema\/logo\/image\/"},"sameAs":["https:\/\/www.facebook.com\/aquatic.notes","https:\/\/x.com\/aquaticnotes","https:\/\/www.youtube.com\/user\/AquaticNotes","https:\/\/www.flickr.com\/photos\/125107252@N05\/","https:\/\/www.instagram.com\/aquaticnotes\/"]}]}},"_links":{"self":[{"href":"https:\/\/aquaticnotes.com\/2016\/wp-json\/wp\/v2\/pages\/1621"}],"collection":[{"href":"https:\/\/aquaticnotes.com\/2016\/wp-json\/wp\/v2\/pages"}],"about":[{"href":"https:\/\/aquaticnotes.com\/2016\/wp-json\/wp\/v2\/types\/page"}],"author":[{"embeddable":true,"href":"https:\/\/aquaticnotes.com\/2016\/wp-json\/wp\/v2\/users\/1"}],"replies":[{"embeddable":true,"href":"https:\/\/aquaticnotes.com\/2016\/wp-json\/wp\/v2\/comments?post=1621"}],"version-history":[{"count":59,"href":"https:\/\/aquaticnotes.com\/2016\/wp-json\/wp\/v2\/pages\/1621\/revisions"}],"predecessor-version":[{"id":25051,"href":"https:\/\/aquaticnotes.com\/2016\/wp-json\/wp\/v2\/pages\/1621\/revisions\/25051"}],"wp:attachment":[{"href":"https:\/\/aquaticnotes.com\/2016\/wp-json\/wp\/v2\/media?parent=1621"}],"curies":[{"name":"wp","href":"https:\/\/api.w.org\/{rel}","templated":true}]}}