{"id":2080,"date":"2017-07-01T08:16:45","date_gmt":"2017-07-01T08:16:45","guid":{"rendered":"http:\/\/aquaticnotes.com\/2016\/?page_id=2080"},"modified":"2023-07-28T05:32:02","modified_gmt":"2023-07-28T05:32:02","slug":"acerca-de-la-asociacion-espanola-de-acuaristas","status":"publish","type":"page","link":"https:\/\/aquaticnotes.com\/2016\/es\/acerca-de-la-asociacion-espanola-de-acuaristas\/","title":{"rendered":"Acerca de la Asociaci\u00f3n Espa\u00f1ola de Acuaristas"},"content":{"rendered":"<p><img loading=\"lazy\" decoding=\"async\" class=\" wp-image-2081 alignright\" src=\"http:\/\/aquaticnotes.com\/2016\/wp-content\/uploads\/aea.png\" alt=\"\" width=\"162\" height=\"139\" srcset=\"https:\/\/aquaticnotes.com\/2016\/wp-content\/uploads\/aea.png 745w, https:\/\/aquaticnotes.com\/2016\/wp-content\/uploads\/aea-351x300.png 351w, https:\/\/aquaticnotes.com\/2016\/wp-content\/uploads\/aea-250x213.png 250w\" sizes=\"(max-width: 162px) 100vw, 162px\" \/><\/p>\n<p>La Asociaci\u00f3n Espa\u00f1ola de Acuaristas lleva desde 1963 dedicada a la divulgaci\u00f3n de la afici\u00f3n por el mantenimiento de especies acu\u00e1ticas de una manera responsable e informada, impulsando actividades como conferencias, publicaciones, cursos y viajes.<\/p>\n<p>M\u00e1s informaci\u00f3n <a href=\"http:\/\/www.mundoacuariofilo.org\">www.mundoacuariofilo.org<\/a><\/p>\n<h4>Contenidos m\u00e1s recientes del autor en Aquatic Notes<\/h4>\n\n\n<div class=\"wp-block-query is-layout-flow wp-block-query-is-layout-flow\"><ul class=\"wp-block-post-template is-layout-flow wp-block-post-template-is-layout-flow\"><li class=\"wp-block-post post-38138 post type-post status-publish format-standard has-post-thumbnail hentry category-publicaciones category-revista-argos tag-autor-aea\">\n\n<div class=\"wp-block-columns alignwide is-layout-flex wp-container-core-columns-is-layout-1 wp-block-columns-is-layout-flex\">\n<div class=\"wp-block-column is-layout-flow wp-block-column-is-layout-flow\" style=\"flex-basis:66.66%\"><figure class=\"wp-block-post-featured-image\"><a href=\"https:\/\/aquaticnotes.com\/2016\/es\/2026\/04\/01\/argos-no36\/\" target=\"_self\"  ><img loading=\"lazy\" decoding=\"async\" width=\"3548\" height=\"2258\" src=\"https:\/\/aquaticnotes.com\/2016\/wp-content\/uploads\/argos36an.png\" class=\"attachment-post-thumbnail size-post-thumbnail wp-post-image\" alt=\"Argos n\u00ba36\" style=\"object-fit:cover;\" srcset=\"https:\/\/aquaticnotes.com\/2016\/wp-content\/uploads\/argos36an.png 3548w, https:\/\/aquaticnotes.com\/2016\/wp-content\/uploads\/argos36an-471x300.png 471w, https:\/\/aquaticnotes.com\/2016\/wp-content\/uploads\/argos36an-768x489.png 768w, https:\/\/aquaticnotes.com\/2016\/wp-content\/uploads\/argos36an-1536x978.png 1536w, https:\/\/aquaticnotes.com\/2016\/wp-content\/uploads\/argos36an-2048x1303.png 2048w, https:\/\/aquaticnotes.com\/2016\/wp-content\/uploads\/argos36an-500x318.png 500w, https:\/\/aquaticnotes.com\/2016\/wp-content\/uploads\/argos36an-800x509.png 800w, https:\/\/aquaticnotes.com\/2016\/wp-content\/uploads\/argos36an-1280x815.png 1280w, https:\/\/aquaticnotes.com\/2016\/wp-content\/uploads\/argos36an-1920x1222.png 1920w, https:\/\/aquaticnotes.com\/2016\/wp-content\/uploads\/argos36an-350x223.png 350w\" sizes=\"(max-width: 3548px) 100vw, 3548px\" \/><\/a><\/figure><\/div>\n\n\n\n<div class=\"wp-block-column is-layout-flow wp-block-column-is-layout-flow\" style=\"flex-basis:33.33%\"><h2 class=\"wp-block-post-title\"><a href=\"https:\/\/aquaticnotes.com\/2016\/es\/2026\/04\/01\/argos-no36\/\" target=\"_self\" >Argos n\u00ba36<\/a><\/h2>\n\n<div class=\"wp-block-post-excerpt\"><p class=\"wp-block-post-excerpt__excerpt\"> <\/p><\/div><\/div>\n<\/div>\n\n<\/li><li class=\"wp-block-post post-37571 post type-post status-publish format-standard has-post-thumbnail hentry category-publicaciones category-revista-argos tag-autor-aea\">\n\n<div class=\"wp-block-columns alignwide is-layout-flex wp-container-core-columns-is-layout-2 wp-block-columns-is-layout-flex\">\n<div class=\"wp-block-column is-layout-flow wp-block-column-is-layout-flow\" style=\"flex-basis:66.66%\"><figure class=\"wp-block-post-featured-image\"><a href=\"https:\/\/aquaticnotes.com\/2016\/es\/2025\/12\/27\/argos-35\/\" target=\"_self\"  ><img loading=\"lazy\" decoding=\"async\" width=\"1397\" height=\"889\" src=\"https:\/\/aquaticnotes.com\/2016\/wp-content\/uploads\/argos35an.png\" class=\"attachment-post-thumbnail size-post-thumbnail wp-post-image\" alt=\"Argos n\u00ba35\" style=\"object-fit:cover;\" srcset=\"https:\/\/aquaticnotes.com\/2016\/wp-content\/uploads\/argos35an.png 1397w, https:\/\/aquaticnotes.com\/2016\/wp-content\/uploads\/argos35an-471x300.png 471w, https:\/\/aquaticnotes.com\/2016\/wp-content\/uploads\/argos35an-768x489.png 768w, https:\/\/aquaticnotes.com\/2016\/wp-content\/uploads\/argos35an-500x318.png 500w, https:\/\/aquaticnotes.com\/2016\/wp-content\/uploads\/argos35an-800x509.png 800w, https:\/\/aquaticnotes.com\/2016\/wp-content\/uploads\/argos35an-1280x815.png 1280w, https:\/\/aquaticnotes.com\/2016\/wp-content\/uploads\/argos35an-350x223.png 350w\" sizes=\"(max-width: 1397px) 100vw, 1397px\" \/><\/a><\/figure><\/div>\n\n\n\n<div class=\"wp-block-column is-layout-flow wp-block-column-is-layout-flow\" style=\"flex-basis:33.33%\"><h2 class=\"wp-block-post-title\"><a href=\"https:\/\/aquaticnotes.com\/2016\/es\/2025\/12\/27\/argos-35\/\" target=\"_self\" >Argos n\u00ba35<\/a><\/h2>\n\n<div class=\"wp-block-post-excerpt\"><p class=\"wp-block-post-excerpt__excerpt\"> <\/p><\/div><\/div>\n<\/div>\n\n<\/li><li class=\"wp-block-post post-36407 post type-post status-publish format-standard has-post-thumbnail hentry category-publicaciones category-revista-argos tag-autor-aea\">\n\n<div class=\"wp-block-columns alignwide is-layout-flex wp-container-core-columns-is-layout-3 wp-block-columns-is-layout-flex\">\n<div class=\"wp-block-column is-layout-flow wp-block-column-is-layout-flow\" style=\"flex-basis:66.66%\"><figure class=\"wp-block-post-featured-image\"><a href=\"https:\/\/aquaticnotes.com\/2016\/es\/2025\/09\/30\/argos-34\/\" target=\"_self\"  ><img loading=\"lazy\" decoding=\"async\" width=\"3548\" height=\"2258\" src=\"https:\/\/aquaticnotes.com\/2016\/wp-content\/uploads\/argos34an.png\" class=\"attachment-post-thumbnail size-post-thumbnail wp-post-image\" alt=\"Argos n\u00ba34\" style=\"object-fit:cover;\" srcset=\"https:\/\/aquaticnotes.com\/2016\/wp-content\/uploads\/argos34an.png 3548w, https:\/\/aquaticnotes.com\/2016\/wp-content\/uploads\/argos34an-471x300.png 471w, https:\/\/aquaticnotes.com\/2016\/wp-content\/uploads\/argos34an-768x489.png 768w, https:\/\/aquaticnotes.com\/2016\/wp-content\/uploads\/argos34an-1536x978.png 1536w, https:\/\/aquaticnotes.com\/2016\/wp-content\/uploads\/argos34an-2048x1303.png 2048w, https:\/\/aquaticnotes.com\/2016\/wp-content\/uploads\/argos34an-500x318.png 500w, https:\/\/aquaticnotes.com\/2016\/wp-content\/uploads\/argos34an-800x509.png 800w, https:\/\/aquaticnotes.com\/2016\/wp-content\/uploads\/argos34an-1280x815.png 1280w, https:\/\/aquaticnotes.com\/2016\/wp-content\/uploads\/argos34an-1920x1222.png 1920w, https:\/\/aquaticnotes.com\/2016\/wp-content\/uploads\/argos34an-350x223.png 350w\" sizes=\"(max-width: 3548px) 100vw, 3548px\" \/><\/a><\/figure><\/div>\n\n\n\n<div class=\"wp-block-column is-layout-flow wp-block-column-is-layout-flow\" style=\"flex-basis:33.33%\"><h2 class=\"wp-block-post-title\"><a href=\"https:\/\/aquaticnotes.com\/2016\/es\/2025\/09\/30\/argos-34\/\" target=\"_self\" >Argos n\u00ba34<\/a><\/h2>\n\n<div class=\"wp-block-post-excerpt\"><p class=\"wp-block-post-excerpt__excerpt\"> <\/p><\/div><\/div>\n<\/div>\n\n<\/li><li class=\"wp-block-post post-35538 post type-post status-publish format-standard has-post-thumbnail hentry category-publicaciones category-revista-argos tag-autor-aea\">\n\n<div class=\"wp-block-columns alignwide is-layout-flex wp-container-core-columns-is-layout-4 wp-block-columns-is-layout-flex\">\n<div class=\"wp-block-column is-layout-flow wp-block-column-is-layout-flow\" style=\"flex-basis:66.66%\"><figure class=\"wp-block-post-featured-image\"><a href=\"https:\/\/aquaticnotes.com\/2016\/es\/2025\/06\/26\/argos-no33\/\" target=\"_self\"  ><img loading=\"lazy\" decoding=\"async\" width=\"1397\" height=\"889\" src=\"https:\/\/aquaticnotes.com\/2016\/wp-content\/uploads\/argos33an.png\" class=\"attachment-post-thumbnail size-post-thumbnail wp-post-image\" alt=\"Argos n\u00ba33\" style=\"object-fit:cover;\" srcset=\"https:\/\/aquaticnotes.com\/2016\/wp-content\/uploads\/argos33an.png 1397w, https:\/\/aquaticnotes.com\/2016\/wp-content\/uploads\/argos33an-471x300.png 471w, https:\/\/aquaticnotes.com\/2016\/wp-content\/uploads\/argos33an-768x489.png 768w, https:\/\/aquaticnotes.com\/2016\/wp-content\/uploads\/argos33an-500x318.png 500w, https:\/\/aquaticnotes.com\/2016\/wp-content\/uploads\/argos33an-800x509.png 800w, https:\/\/aquaticnotes.com\/2016\/wp-content\/uploads\/argos33an-1280x815.png 1280w, https:\/\/aquaticnotes.com\/2016\/wp-content\/uploads\/argos33an-350x223.png 350w\" sizes=\"(max-width: 1397px) 100vw, 1397px\" \/><\/a><\/figure><\/div>\n\n\n\n<div class=\"wp-block-column is-layout-flow wp-block-column-is-layout-flow\" style=\"flex-basis:33.33%\"><h2 class=\"wp-block-post-title\"><a href=\"https:\/\/aquaticnotes.com\/2016\/es\/2025\/06\/26\/argos-no33\/\" target=\"_self\" >Argos n\u00ba33<\/a><\/h2>\n\n<div class=\"wp-block-post-excerpt\"><p class=\"wp-block-post-excerpt__excerpt\"> <\/p><\/div><\/div>\n<\/div>\n\n<\/li><li class=\"wp-block-post post-34849 post type-post status-publish format-standard has-post-thumbnail hentry category-publicaciones tag-autor-aea\">\n\n<div class=\"wp-block-columns alignwide is-layout-flex wp-container-core-columns-is-layout-5 wp-block-columns-is-layout-flex\">\n<div class=\"wp-block-column is-layout-flow wp-block-column-is-layout-flow\" style=\"flex-basis:66.66%\"><figure class=\"wp-block-post-featured-image\"><a href=\"https:\/\/aquaticnotes.com\/2016\/es\/2025\/03\/27\/argos-no32\/\" target=\"_self\"  ><img loading=\"lazy\" decoding=\"async\" width=\"3548\" height=\"2258\" src=\"https:\/\/aquaticnotes.com\/2016\/wp-content\/uploads\/argos32an.png\" class=\"attachment-post-thumbnail size-post-thumbnail wp-post-image\" alt=\"Argos n\u00ba32\" style=\"object-fit:cover;\" srcset=\"https:\/\/aquaticnotes.com\/2016\/wp-content\/uploads\/argos32an.png 3548w, https:\/\/aquaticnotes.com\/2016\/wp-content\/uploads\/argos32an-471x300.png 471w, https:\/\/aquaticnotes.com\/2016\/wp-content\/uploads\/argos32an-768x489.png 768w, https:\/\/aquaticnotes.com\/2016\/wp-content\/uploads\/argos32an-1536x978.png 1536w, https:\/\/aquaticnotes.com\/2016\/wp-content\/uploads\/argos32an-2048x1303.png 2048w, https:\/\/aquaticnotes.com\/2016\/wp-content\/uploads\/argos32an-500x318.png 500w, https:\/\/aquaticnotes.com\/2016\/wp-content\/uploads\/argos32an-800x509.png 800w, https:\/\/aquaticnotes.com\/2016\/wp-content\/uploads\/argos32an-1280x815.png 1280w, https:\/\/aquaticnotes.com\/2016\/wp-content\/uploads\/argos32an-1920x1222.png 1920w, https:\/\/aquaticnotes.com\/2016\/wp-content\/uploads\/argos32an-350x223.png 350w\" sizes=\"(max-width: 3548px) 100vw, 3548px\" \/><\/a><\/figure><\/div>\n\n\n\n<div class=\"wp-block-column is-layout-flow wp-block-column-is-layout-flow\" style=\"flex-basis:33.33%\"><h2 class=\"wp-block-post-title\"><a href=\"https:\/\/aquaticnotes.com\/2016\/es\/2025\/03\/27\/argos-no32\/\" target=\"_self\" >Argos n\u00ba32<\/a><\/h2>\n\n<div class=\"wp-block-post-excerpt\"><p class=\"wp-block-post-excerpt__excerpt\"> <\/p><\/div><\/div>\n<\/div>\n\n<\/li><\/ul><\/div>\n","protected":false},"excerpt":{"rendered":"<p>La Asociaci\u00f3n Espa\u00f1ola de Acuaristas lleva desde 1963 dedicada a la divulgaci\u00f3n de la afici\u00f3n por el mantenimiento de especies acu\u00e1ticas de una manera responsable e informada, impulsando actividades como conferencias, publicaciones, cursos y viajes. M\u00e1s informaci\u00f3n www.mundoacuariofilo.org Contenidos m\u00e1s recientes del autor en Aquatic Notes<\/p>\n","protected":false},"author":1,"featured_media":0,"parent":0,"menu_order":0,"comment_status":"closed","ping_status":"closed","template":"","meta":{"_themeisle_gutenberg_block_has_review":false,"_vp_format_video_url":"","_vp_image_focal_point":[],"footnotes":""},"yoast_head":"<!-- This site is optimized with the Yoast SEO plugin v22.8 - https:\/\/yoast.com\/wordpress\/plugins\/seo\/ -->\n<title>Acerca de la Asociaci\u00f3n Espa\u00f1ola de Acuaristas - Aquatic Notes<\/title>\n<meta name=\"robots\" content=\"index, follow, max-snippet:-1, max-image-preview:large, max-video-preview:-1\" \/>\n<link rel=\"canonical\" href=\"https:\/\/aquaticnotes.com\/2016\/es\/acerca-de-la-asociacion-espanola-de-acuaristas\/\" \/>\n<meta property=\"og:locale\" content=\"es_ES\" \/>\n<meta property=\"og:type\" content=\"article\" \/>\n<meta property=\"og:title\" content=\"Acerca de la Asociaci\u00f3n Espa\u00f1ola de Acuaristas - Aquatic Notes\" \/>\n<meta property=\"og:description\" content=\"La Asociaci\u00f3n Espa\u00f1ola de Acuaristas lleva desde 1963 dedicada a la divulgaci\u00f3n de la afici\u00f3n por el mantenimiento de especies acu\u00e1ticas de una manera responsable e informada, impulsando actividades como conferencias, publicaciones, cursos y viajes. M\u00e1s informaci\u00f3n www.mundoacuariofilo.org Contenidos m\u00e1s recientes del autor en Aquatic Notes\" \/>\n<meta property=\"og:url\" content=\"https:\/\/aquaticnotes.com\/2016\/es\/acerca-de-la-asociacion-espanola-de-acuaristas\/\" \/>\n<meta property=\"og:site_name\" content=\"Aquatic Notes\" \/>\n<meta property=\"article:publisher\" content=\"https:\/\/www.facebook.com\/aquatic.notes\" \/>\n<meta property=\"article:modified_time\" content=\"2023-07-28T05:32:02+00:00\" \/>\n<meta property=\"og:image\" content=\"http:\/\/aquaticnotes.com\/2016\/wp-content\/uploads\/aea.png\" \/>\n<meta name=\"twitter:card\" content=\"summary_large_image\" \/>\n<meta name=\"twitter:site\" content=\"@aquaticnotes\" \/>\n<meta name=\"twitter:label1\" content=\"Tiempo de lectura\" \/>\n\t<meta name=\"twitter:data1\" content=\"1 minuto\" \/>\n<script type=\"application\/ld+json\" class=\"yoast-schema-graph\">{\"@context\":\"https:\/\/schema.org\",\"@graph\":[{\"@type\":\"WebPage\",\"@id\":\"https:\/\/aquaticnotes.com\/2016\/es\/acerca-de-la-asociacion-espanola-de-acuaristas\/\",\"url\":\"https:\/\/aquaticnotes.com\/2016\/es\/acerca-de-la-asociacion-espanola-de-acuaristas\/\",\"name\":\"Acerca de la Asociaci\u00f3n Espa\u00f1ola de Acuaristas - Aquatic Notes\",\"isPartOf\":{\"@id\":\"https:\/\/aquaticnotes.com\/2016\/#website\"},\"primaryImageOfPage\":{\"@id\":\"https:\/\/aquaticnotes.com\/2016\/es\/acerca-de-la-asociacion-espanola-de-acuaristas\/#primaryimage\"},\"image\":{\"@id\":\"https:\/\/aquaticnotes.com\/2016\/es\/acerca-de-la-asociacion-espanola-de-acuaristas\/#primaryimage\"},\"thumbnailUrl\":\"http:\/\/aquaticnotes.com\/2016\/wp-content\/uploads\/aea.png\",\"datePublished\":\"2017-07-01T08:16:45+00:00\",\"dateModified\":\"2023-07-28T05:32:02+00:00\",\"breadcrumb\":{\"@id\":\"https:\/\/aquaticnotes.com\/2016\/es\/acerca-de-la-asociacion-espanola-de-acuaristas\/#breadcrumb\"},\"inLanguage\":\"es\",\"potentialAction\":[{\"@type\":\"ReadAction\",\"target\":[\"https:\/\/aquaticnotes.com\/2016\/es\/acerca-de-la-asociacion-espanola-de-acuaristas\/\"]}]},{\"@type\":\"ImageObject\",\"inLanguage\":\"es\",\"@id\":\"https:\/\/aquaticnotes.com\/2016\/es\/acerca-de-la-asociacion-espanola-de-acuaristas\/#primaryimage\",\"url\":\"https:\/\/aquaticnotes.com\/2016\/wp-content\/uploads\/aea.png\",\"contentUrl\":\"https:\/\/aquaticnotes.com\/2016\/wp-content\/uploads\/aea.png\",\"width\":745,\"height\":636},{\"@type\":\"BreadcrumbList\",\"@id\":\"https:\/\/aquaticnotes.com\/2016\/es\/acerca-de-la-asociacion-espanola-de-acuaristas\/#breadcrumb\",\"itemListElement\":[{\"@type\":\"ListItem\",\"position\":1,\"name\":\"Portada\",\"item\":\"https:\/\/aquaticnotes.com\/2016\/\"},{\"@type\":\"ListItem\",\"position\":2,\"name\":\"Acerca de la Asociaci\u00f3n Espa\u00f1ola de Acuaristas\"}]},{\"@type\":\"WebSite\",\"@id\":\"https:\/\/aquaticnotes.com\/2016\/#website\",\"url\":\"https:\/\/aquaticnotes.com\/2016\/\",\"name\":\"Aquatic Notes\",\"description\":\"Web de informaci\u00f3n de acuariofilia\",\"publisher\":{\"@id\":\"https:\/\/aquaticnotes.com\/2016\/#organization\"},\"potentialAction\":[{\"@type\":\"SearchAction\",\"target\":{\"@type\":\"EntryPoint\",\"urlTemplate\":\"https:\/\/aquaticnotes.com\/2016\/?s={search_term_string}\"},\"query-input\":\"required name=search_term_string\"}],\"inLanguage\":\"es\"},{\"@type\":\"Organization\",\"@id\":\"https:\/\/aquaticnotes.com\/2016\/#organization\",\"name\":\"Aquatic Notes\",\"url\":\"https:\/\/aquaticnotes.com\/2016\/\",\"logo\":{\"@type\":\"ImageObject\",\"inLanguage\":\"es\",\"@id\":\"https:\/\/aquaticnotes.com\/2016\/#\/schema\/logo\/image\/\",\"url\":\"https:\/\/aquaticnotes.com\/2016\/wp-content\/uploads\/2015\/10\/logo_prueba1.png\",\"contentUrl\":\"https:\/\/aquaticnotes.com\/2016\/wp-content\/uploads\/2015\/10\/logo_prueba1.png\",\"width\":607,\"height\":600,\"caption\":\"Aquatic Notes\"},\"image\":{\"@id\":\"https:\/\/aquaticnotes.com\/2016\/#\/schema\/logo\/image\/\"},\"sameAs\":[\"https:\/\/www.facebook.com\/aquatic.notes\",\"https:\/\/x.com\/aquaticnotes\",\"https:\/\/www.youtube.com\/user\/AquaticNotes\",\"https:\/\/www.flickr.com\/photos\/125107252@N05\/\",\"https:\/\/www.instagram.com\/aquaticnotes\/\"]}]}<\/script>\n<!-- \/ Yoast SEO plugin. -->","yoast_head_json":{"title":"Acerca de la Asociaci\u00f3n Espa\u00f1ola de Acuaristas - Aquatic Notes","robots":{"index":"index","follow":"follow","max-snippet":"max-snippet:-1","max-image-preview":"max-image-preview:large","max-video-preview":"max-video-preview:-1"},"canonical":"https:\/\/aquaticnotes.com\/2016\/es\/acerca-de-la-asociacion-espanola-de-acuaristas\/","og_locale":"es_ES","og_type":"article","og_title":"Acerca de la Asociaci\u00f3n Espa\u00f1ola de Acuaristas - Aquatic Notes","og_description":"La Asociaci\u00f3n Espa\u00f1ola de Acuaristas lleva desde 1963 dedicada a la divulgaci\u00f3n de la afici\u00f3n por el mantenimiento de especies acu\u00e1ticas de una manera responsable e informada, impulsando actividades como conferencias, publicaciones, cursos y viajes. M\u00e1s informaci\u00f3n www.mundoacuariofilo.org Contenidos m\u00e1s recientes del autor en Aquatic Notes","og_url":"https:\/\/aquaticnotes.com\/2016\/es\/acerca-de-la-asociacion-espanola-de-acuaristas\/","og_site_name":"Aquatic Notes","article_publisher":"https:\/\/www.facebook.com\/aquatic.notes","article_modified_time":"2023-07-28T05:32:02+00:00","og_image":[{"url":"http:\/\/aquaticnotes.com\/2016\/wp-content\/uploads\/aea.png"}],"twitter_card":"summary_large_image","twitter_site":"@aquaticnotes","twitter_misc":{"Tiempo de lectura":"1 minuto"},"schema":{"@context":"https:\/\/schema.org","@graph":[{"@type":"WebPage","@id":"https:\/\/aquaticnotes.com\/2016\/es\/acerca-de-la-asociacion-espanola-de-acuaristas\/","url":"https:\/\/aquaticnotes.com\/2016\/es\/acerca-de-la-asociacion-espanola-de-acuaristas\/","name":"Acerca de la Asociaci\u00f3n Espa\u00f1ola de Acuaristas - Aquatic Notes","isPartOf":{"@id":"https:\/\/aquaticnotes.com\/2016\/#website"},"primaryImageOfPage":{"@id":"https:\/\/aquaticnotes.com\/2016\/es\/acerca-de-la-asociacion-espanola-de-acuaristas\/#primaryimage"},"image":{"@id":"https:\/\/aquaticnotes.com\/2016\/es\/acerca-de-la-asociacion-espanola-de-acuaristas\/#primaryimage"},"thumbnailUrl":"http:\/\/aquaticnotes.com\/2016\/wp-content\/uploads\/aea.png","datePublished":"2017-07-01T08:16:45+00:00","dateModified":"2023-07-28T05:32:02+00:00","breadcrumb":{"@id":"https:\/\/aquaticnotes.com\/2016\/es\/acerca-de-la-asociacion-espanola-de-acuaristas\/#breadcrumb"},"inLanguage":"es","potentialAction":[{"@type":"ReadAction","target":["https:\/\/aquaticnotes.com\/2016\/es\/acerca-de-la-asociacion-espanola-de-acuaristas\/"]}]},{"@type":"ImageObject","inLanguage":"es","@id":"https:\/\/aquaticnotes.com\/2016\/es\/acerca-de-la-asociacion-espanola-de-acuaristas\/#primaryimage","url":"https:\/\/aquaticnotes.com\/2016\/wp-content\/uploads\/aea.png","contentUrl":"https:\/\/aquaticnotes.com\/2016\/wp-content\/uploads\/aea.png","width":745,"height":636},{"@type":"BreadcrumbList","@id":"https:\/\/aquaticnotes.com\/2016\/es\/acerca-de-la-asociacion-espanola-de-acuaristas\/#breadcrumb","itemListElement":[{"@type":"ListItem","position":1,"name":"Portada","item":"https:\/\/aquaticnotes.com\/2016\/"},{"@type":"ListItem","position":2,"name":"Acerca de la Asociaci\u00f3n Espa\u00f1ola de Acuaristas"}]},{"@type":"WebSite","@id":"https:\/\/aquaticnotes.com\/2016\/#website","url":"https:\/\/aquaticnotes.com\/2016\/","name":"Aquatic Notes","description":"Web de informaci\u00f3n de acuariofilia","publisher":{"@id":"https:\/\/aquaticnotes.com\/2016\/#organization"},"potentialAction":[{"@type":"SearchAction","target":{"@type":"EntryPoint","urlTemplate":"https:\/\/aquaticnotes.com\/2016\/?s={search_term_string}"},"query-input":"required name=search_term_string"}],"inLanguage":"es"},{"@type":"Organization","@id":"https:\/\/aquaticnotes.com\/2016\/#organization","name":"Aquatic Notes","url":"https:\/\/aquaticnotes.com\/2016\/","logo":{"@type":"ImageObject","inLanguage":"es","@id":"https:\/\/aquaticnotes.com\/2016\/#\/schema\/logo\/image\/","url":"https:\/\/aquaticnotes.com\/2016\/wp-content\/uploads\/2015\/10\/logo_prueba1.png","contentUrl":"https:\/\/aquaticnotes.com\/2016\/wp-content\/uploads\/2015\/10\/logo_prueba1.png","width":607,"height":600,"caption":"Aquatic Notes"},"image":{"@id":"https:\/\/aquaticnotes.com\/2016\/#\/schema\/logo\/image\/"},"sameAs":["https:\/\/www.facebook.com\/aquatic.notes","https:\/\/x.com\/aquaticnotes","https:\/\/www.youtube.com\/user\/AquaticNotes","https:\/\/www.flickr.com\/photos\/125107252@N05\/","https:\/\/www.instagram.com\/aquaticnotes\/"]}]}},"_links":{"self":[{"href":"https:\/\/aquaticnotes.com\/2016\/wp-json\/wp\/v2\/pages\/2080"}],"collection":[{"href":"https:\/\/aquaticnotes.com\/2016\/wp-json\/wp\/v2\/pages"}],"about":[{"href":"https:\/\/aquaticnotes.com\/2016\/wp-json\/wp\/v2\/types\/page"}],"author":[{"embeddable":true,"href":"https:\/\/aquaticnotes.com\/2016\/wp-json\/wp\/v2\/users\/1"}],"replies":[{"embeddable":true,"href":"https:\/\/aquaticnotes.com\/2016\/wp-json\/wp\/v2\/comments?post=2080"}],"version-history":[{"count":5,"href":"https:\/\/aquaticnotes.com\/2016\/wp-json\/wp\/v2\/pages\/2080\/revisions"}],"predecessor-version":[{"id":28291,"href":"https:\/\/aquaticnotes.com\/2016\/wp-json\/wp\/v2\/pages\/2080\/revisions\/28291"}],"wp:attachment":[{"href":"https:\/\/aquaticnotes.com\/2016\/wp-json\/wp\/v2\/media?parent=2080"}],"curies":[{"name":"wp","href":"https:\/\/api.w.org\/{rel}","templated":true}]}}