{"id":519,"date":"2012-09-06T15:45:19","date_gmt":"2012-09-06T15:45:19","guid":{"rendered":"http:\/\/www.aquaticnotes.es\/es\/?page_id=519"},"modified":"2023-05-02T07:10:02","modified_gmt":"2023-05-02T07:10:02","slug":"acerca-de-aquaticnotes","status":"publish","type":"page","link":"https:\/\/aquaticnotes.com\/2016\/es\/acerca-de-aquaticnotes\/","title":{"rendered":"Acerca de  AquaticNotes"},"content":{"rendered":"\n<p><\/p>\n\n\n\n<p class=\"has-medium-font-size\"><em><strong>AquaticNotes <\/strong>pretende ser un proyecto de divulgaci\u00f3n sobre acuariofilia. Su objetivo principal es compartir, con el mayor n\u00famero posible de acuariofilos, informaci\u00f3n rigurosa sobre el mantenimiento de especies acu\u00e1ticas en acuario. La web nace con la vocaci\u00f3n de proyectar hacia la Red todos los trabajos que basados en experiencias pr\u00e1cticas, nos quieran enviar sus autores, sin mas requisitos que el rigor y la veracidad.<\/em><\/p>\n\n\n\n<p class=\"has-medium-font-size\"><em>Este autor modestamente opina, que la acuariofilia es en el fondo, una \u201cbella disculpa\u201d para intentar aprender acerca de la realidad que nos rodea. Imitar el medio natural acu\u00e1tico, sea dulce, salobre o marino, replicando con la mayor exactitud posible, todos los procesos f\u00edsico-qu\u00edmicos y biol\u00f3gicos que se dan en ellos, es la pasi\u00f3n compartida de muchos acuariofilos. Conf\u00edo encontrarme con ellos en este lugar.<\/em><\/p>\n\n\n\n<p class=\"has-text-align-right has-medium-font-size\"><em><strong>Jos\u00e9 Mar\u00eda Cid<\/strong><br>Feb,2012<\/em><\/p>\n\n\n\n<div style=\"color: #777 !important; text-align: center !important;\">\n<div class=\"one_third\"><!-- Font Awesome Icon-->\n<i class=\"fa fa-3 fa-search\"><\/i>\n<h3 style=\"color: #777 !important;\">Investigaci\u00f3n<\/h3>\nCada proyecto requiere a\u00f1os de desarrollo en nuestras instalaciones dedicadas \n\n<\/div>\n<\/div>\n<div style=\"color: #777 !important; text-align: center !important;\">\n<div class=\"one_third\"><!-- Font Awesome Icon-->\n<i class=\"fa fa-3 fa-comments-o\"><\/i>\n<h3 style=\"color: #777 !important;\">Divulgacion<\/h3>\nArt\u00edculos publicados en medios especializados, libros y conferencias \n\n<\/div>\n<\/div>\n<div style=\"color: #777 !important; text-align: center !important;\">\n<div class=\"one_third last\"><!-- Font Awesome Icon-->\n<i class=\"fa fa-3 fa-question\"><\/i>\n<h3 style=\"color: #777 !important;\">Consultor\u00eda<\/h3>\nApoyo a aficionados y profesionales de la acuariofilia\n\n<\/div>\n<\/div>\n\n\n<iframe loading=\"lazy\" class=\"wonderplugin-pdf-iframe\" src=\"https:\/\/aquaticnotes.com\/2016\/wp-content\/plugins\/wonderplugin-pdf-embed\/pdfjslight\/web\/viewer.html?v=2&disabledoc=1&disableopenfile=1&file=https:\/\/aquaticnotes.com\/content\/pub\/ES\/cv1.pdf\" width=\"\u201d100%\u201d\" height=\"\u201d600px\u201d\" style=\"\u201dborder:0;\u201d\"><\/iframe>\n","protected":false},"excerpt":{"rendered":"<p>AquaticNotes pretende ser un proyecto de divulgaci\u00f3n sobre acuariofilia. Su objetivo principal es compartir, con el mayor n\u00famero posible de acuariofilos, informaci\u00f3n rigurosa sobre el mantenimiento de especies acu\u00e1ticas en acuario. La web nace con la vocaci\u00f3n de proyectar hacia la Red todos los trabajos que basados en experiencias pr\u00e1cticas, nos quieran enviar sus autores, [&hellip;]<\/p>\n","protected":false},"author":2,"featured_media":0,"parent":0,"menu_order":6,"comment_status":"closed","ping_status":"closed","template":"","meta":{"_themeisle_gutenberg_block_has_review":false,"_vp_format_video_url":"","_vp_image_focal_point":[],"footnotes":""},"yoast_head":"<!-- This site is optimized with the Yoast SEO plugin v22.8 - https:\/\/yoast.com\/wordpress\/plugins\/seo\/ -->\n<title>Acerca de AquaticNotes - Aquatic Notes<\/title>\n<meta name=\"robots\" content=\"index, follow, max-snippet:-1, max-image-preview:large, max-video-preview:-1\" \/>\n<link rel=\"canonical\" href=\"https:\/\/aquaticnotes.com\/2016\/es\/acerca-de-aquaticnotes\/\" \/>\n<meta property=\"og:locale\" content=\"es_ES\" \/>\n<meta property=\"og:type\" content=\"article\" \/>\n<meta property=\"og:title\" content=\"Acerca de AquaticNotes - Aquatic Notes\" \/>\n<meta property=\"og:description\" content=\"AquaticNotes pretende ser un proyecto de divulgaci\u00f3n sobre acuariofilia. Su objetivo principal es compartir, con el mayor n\u00famero posible de acuariofilos, informaci\u00f3n rigurosa sobre el mantenimiento de especies acu\u00e1ticas en acuario. La web nace con la vocaci\u00f3n de proyectar hacia la Red todos los trabajos que basados en experiencias pr\u00e1cticas, nos quieran enviar sus autores, [&hellip;]\" \/>\n<meta property=\"og:url\" content=\"https:\/\/aquaticnotes.com\/2016\/es\/acerca-de-aquaticnotes\/\" \/>\n<meta property=\"og:site_name\" content=\"Aquatic Notes\" \/>\n<meta property=\"article:publisher\" content=\"https:\/\/www.facebook.com\/aquatic.notes\" \/>\n<meta property=\"article:modified_time\" content=\"2023-05-02T07:10:02+00:00\" \/>\n<meta name=\"twitter:card\" content=\"summary_large_image\" \/>\n<meta name=\"twitter:site\" content=\"@aquaticnotes\" \/>\n<meta name=\"twitter:label1\" content=\"Tiempo de lectura\" \/>\n\t<meta name=\"twitter:data1\" content=\"1 minuto\" \/>\n<script type=\"application\/ld+json\" class=\"yoast-schema-graph\">{\"@context\":\"https:\/\/schema.org\",\"@graph\":[{\"@type\":\"WebPage\",\"@id\":\"https:\/\/aquaticnotes.com\/2016\/es\/acerca-de-aquaticnotes\/\",\"url\":\"https:\/\/aquaticnotes.com\/2016\/es\/acerca-de-aquaticnotes\/\",\"name\":\"Acerca de AquaticNotes - Aquatic Notes\",\"isPartOf\":{\"@id\":\"https:\/\/aquaticnotes.com\/2016\/#website\"},\"datePublished\":\"2012-09-06T15:45:19+00:00\",\"dateModified\":\"2023-05-02T07:10:02+00:00\",\"breadcrumb\":{\"@id\":\"https:\/\/aquaticnotes.com\/2016\/es\/acerca-de-aquaticnotes\/#breadcrumb\"},\"inLanguage\":\"es\",\"potentialAction\":[{\"@type\":\"ReadAction\",\"target\":[\"https:\/\/aquaticnotes.com\/2016\/es\/acerca-de-aquaticnotes\/\"]}]},{\"@type\":\"BreadcrumbList\",\"@id\":\"https:\/\/aquaticnotes.com\/2016\/es\/acerca-de-aquaticnotes\/#breadcrumb\",\"itemListElement\":[{\"@type\":\"ListItem\",\"position\":1,\"name\":\"Portada\",\"item\":\"https:\/\/aquaticnotes.com\/2016\/\"},{\"@type\":\"ListItem\",\"position\":2,\"name\":\"Acerca de AquaticNotes\"}]},{\"@type\":\"WebSite\",\"@id\":\"https:\/\/aquaticnotes.com\/2016\/#website\",\"url\":\"https:\/\/aquaticnotes.com\/2016\/\",\"name\":\"Aquatic Notes\",\"description\":\"Web de informaci\u00f3n de acuariofilia\",\"publisher\":{\"@id\":\"https:\/\/aquaticnotes.com\/2016\/#organization\"},\"potentialAction\":[{\"@type\":\"SearchAction\",\"target\":{\"@type\":\"EntryPoint\",\"urlTemplate\":\"https:\/\/aquaticnotes.com\/2016\/?s={search_term_string}\"},\"query-input\":\"required name=search_term_string\"}],\"inLanguage\":\"es\"},{\"@type\":\"Organization\",\"@id\":\"https:\/\/aquaticnotes.com\/2016\/#organization\",\"name\":\"Aquatic Notes\",\"url\":\"https:\/\/aquaticnotes.com\/2016\/\",\"logo\":{\"@type\":\"ImageObject\",\"inLanguage\":\"es\",\"@id\":\"https:\/\/aquaticnotes.com\/2016\/#\/schema\/logo\/image\/\",\"url\":\"https:\/\/aquaticnotes.com\/2016\/wp-content\/uploads\/2015\/10\/logo_prueba1.png\",\"contentUrl\":\"https:\/\/aquaticnotes.com\/2016\/wp-content\/uploads\/2015\/10\/logo_prueba1.png\",\"width\":607,\"height\":600,\"caption\":\"Aquatic Notes\"},\"image\":{\"@id\":\"https:\/\/aquaticnotes.com\/2016\/#\/schema\/logo\/image\/\"},\"sameAs\":[\"https:\/\/www.facebook.com\/aquatic.notes\",\"https:\/\/x.com\/aquaticnotes\",\"https:\/\/www.youtube.com\/user\/AquaticNotes\",\"https:\/\/www.flickr.com\/photos\/125107252@N05\/\",\"https:\/\/www.instagram.com\/aquaticnotes\/\"]}]}<\/script>\n<!-- \/ Yoast SEO plugin. -->","yoast_head_json":{"title":"Acerca de AquaticNotes - Aquatic Notes","robots":{"index":"index","follow":"follow","max-snippet":"max-snippet:-1","max-image-preview":"max-image-preview:large","max-video-preview":"max-video-preview:-1"},"canonical":"https:\/\/aquaticnotes.com\/2016\/es\/acerca-de-aquaticnotes\/","og_locale":"es_ES","og_type":"article","og_title":"Acerca de AquaticNotes - Aquatic Notes","og_description":"AquaticNotes pretende ser un proyecto de divulgaci\u00f3n sobre acuariofilia. Su objetivo principal es compartir, con el mayor n\u00famero posible de acuariofilos, informaci\u00f3n rigurosa sobre el mantenimiento de especies acu\u00e1ticas en acuario. La web nace con la vocaci\u00f3n de proyectar hacia la Red todos los trabajos que basados en experiencias pr\u00e1cticas, nos quieran enviar sus autores, [&hellip;]","og_url":"https:\/\/aquaticnotes.com\/2016\/es\/acerca-de-aquaticnotes\/","og_site_name":"Aquatic Notes","article_publisher":"https:\/\/www.facebook.com\/aquatic.notes","article_modified_time":"2023-05-02T07:10:02+00:00","twitter_card":"summary_large_image","twitter_site":"@aquaticnotes","twitter_misc":{"Tiempo de lectura":"1 minuto"},"schema":{"@context":"https:\/\/schema.org","@graph":[{"@type":"WebPage","@id":"https:\/\/aquaticnotes.com\/2016\/es\/acerca-de-aquaticnotes\/","url":"https:\/\/aquaticnotes.com\/2016\/es\/acerca-de-aquaticnotes\/","name":"Acerca de AquaticNotes - Aquatic Notes","isPartOf":{"@id":"https:\/\/aquaticnotes.com\/2016\/#website"},"datePublished":"2012-09-06T15:45:19+00:00","dateModified":"2023-05-02T07:10:02+00:00","breadcrumb":{"@id":"https:\/\/aquaticnotes.com\/2016\/es\/acerca-de-aquaticnotes\/#breadcrumb"},"inLanguage":"es","potentialAction":[{"@type":"ReadAction","target":["https:\/\/aquaticnotes.com\/2016\/es\/acerca-de-aquaticnotes\/"]}]},{"@type":"BreadcrumbList","@id":"https:\/\/aquaticnotes.com\/2016\/es\/acerca-de-aquaticnotes\/#breadcrumb","itemListElement":[{"@type":"ListItem","position":1,"name":"Portada","item":"https:\/\/aquaticnotes.com\/2016\/"},{"@type":"ListItem","position":2,"name":"Acerca de AquaticNotes"}]},{"@type":"WebSite","@id":"https:\/\/aquaticnotes.com\/2016\/#website","url":"https:\/\/aquaticnotes.com\/2016\/","name":"Aquatic Notes","description":"Web de informaci\u00f3n de acuariofilia","publisher":{"@id":"https:\/\/aquaticnotes.com\/2016\/#organization"},"potentialAction":[{"@type":"SearchAction","target":{"@type":"EntryPoint","urlTemplate":"https:\/\/aquaticnotes.com\/2016\/?s={search_term_string}"},"query-input":"required name=search_term_string"}],"inLanguage":"es"},{"@type":"Organization","@id":"https:\/\/aquaticnotes.com\/2016\/#organization","name":"Aquatic Notes","url":"https:\/\/aquaticnotes.com\/2016\/","logo":{"@type":"ImageObject","inLanguage":"es","@id":"https:\/\/aquaticnotes.com\/2016\/#\/schema\/logo\/image\/","url":"https:\/\/aquaticnotes.com\/2016\/wp-content\/uploads\/2015\/10\/logo_prueba1.png","contentUrl":"https:\/\/aquaticnotes.com\/2016\/wp-content\/uploads\/2015\/10\/logo_prueba1.png","width":607,"height":600,"caption":"Aquatic Notes"},"image":{"@id":"https:\/\/aquaticnotes.com\/2016\/#\/schema\/logo\/image\/"},"sameAs":["https:\/\/www.facebook.com\/aquatic.notes","https:\/\/x.com\/aquaticnotes","https:\/\/www.youtube.com\/user\/AquaticNotes","https:\/\/www.flickr.com\/photos\/125107252@N05\/","https:\/\/www.instagram.com\/aquaticnotes\/"]}]}},"_links":{"self":[{"href":"https:\/\/aquaticnotes.com\/2016\/wp-json\/wp\/v2\/pages\/519"}],"collection":[{"href":"https:\/\/aquaticnotes.com\/2016\/wp-json\/wp\/v2\/pages"}],"about":[{"href":"https:\/\/aquaticnotes.com\/2016\/wp-json\/wp\/v2\/types\/page"}],"author":[{"embeddable":true,"href":"https:\/\/aquaticnotes.com\/2016\/wp-json\/wp\/v2\/users\/2"}],"replies":[{"embeddable":true,"href":"https:\/\/aquaticnotes.com\/2016\/wp-json\/wp\/v2\/comments?post=519"}],"version-history":[{"count":44,"href":"https:\/\/aquaticnotes.com\/2016\/wp-json\/wp\/v2\/pages\/519\/revisions"}],"predecessor-version":[{"id":27165,"href":"https:\/\/aquaticnotes.com\/2016\/wp-json\/wp\/v2\/pages\/519\/revisions\/27165"}],"wp:attachment":[{"href":"https:\/\/aquaticnotes.com\/2016\/wp-json\/wp\/v2\/media?parent=519"}],"curies":[{"name":"wp","href":"https:\/\/api.w.org\/{rel}","templated":true}]}}