{"id":7405,"date":"2018-11-06T09:31:22","date_gmt":"2018-11-06T09:31:22","guid":{"rendered":"http:\/\/aquaticnotes.com\/2016\/?page_id=7405"},"modified":"2022-06-12T09:39:16","modified_gmt":"2022-06-12T09:39:16","slug":"acerca-de-fernando-zamora","status":"publish","type":"page","link":"https:\/\/aquaticnotes.com\/2016\/es\/acerca-de-fernando-zamora\/","title":{"rendered":"Acerca de Fernando Zamora"},"content":{"rendered":"\n<p><img loading=\"lazy\" decoding=\"async\" class=\"wp-image-8464 alignright\" src=\"http:\/\/aquaticnotes.com\/2016\/wp-content\/uploads\/fer-260x300.png\" alt=\"\" width=\"224\" height=\"258\" srcset=\"https:\/\/aquaticnotes.com\/2016\/wp-content\/uploads\/fer-260x300.png 260w, https:\/\/aquaticnotes.com\/2016\/wp-content\/uploads\/fer-208x240.png 208w, https:\/\/aquaticnotes.com\/2016\/wp-content\/uploads\/fer.png 520w\" sizes=\"(max-width: 224px) 100vw, 224px\" \/>Fernando Zamora (Madrid, 1983) es desde bien peque\u00f1o un apasionado de los animales. Licenciado en Biolog\u00eda por la Universidad Complutense de Madrid con la especialidad en Zoolog\u00eda. Ha trabajado en parques zool\u00f3gicos, mayoristas, tiendas e incluso ha sido emprendedor en el \u00e1mbito de los animales de compa\u00f1\u00eda.<\/p>\n\n\n\n<p>En la actualidad se dedica a la importaci\u00f3n de animales acu\u00e1ticos, es profesor de cursos de acuariofilia y Presidente de la Asociaci\u00f3n Espa\u00f1ola de Acuaristas, adem\u00e1s de escribir art\u00edculos sobre animales en prensa local. Compagina su dedicaci\u00f3n con otra de sus grandes aficiones, el dise\u00f1o web. Conocedor de varios lenguajes de programaci\u00f3n y en buena parte autodidacta, es responsable de numerosos sitios web.<\/p>\n\n\n\n<p>En Aquatic Notes, Fernando es el encargado del dise\u00f1o, funcionalidad, adecuaci\u00f3n de contenidos y todos los aspectos t\u00e9cnicos de la web y sus redes sociales.<\/p>\n\n\n\n<p><a href=\"https:\/\/www.linkedin.com\/in\/ferzamora\">Perfil en LinkedIn<\/a><\/p>\n","protected":false},"excerpt":{"rendered":"<p>Fernando Zamora (Madrid, 1983) es desde bien peque\u00f1o un apasionado de los animales. Licenciado en Biolog\u00eda por la Universidad Complutense de Madrid con la especialidad en Zoolog\u00eda. Ha trabajado en parques zool\u00f3gicos, mayoristas, tiendas e incluso ha sido emprendedor en el \u00e1mbito de los animales de compa\u00f1\u00eda. En la actualidad se dedica a la importaci\u00f3n [&hellip;]<\/p>\n","protected":false},"author":1,"featured_media":0,"parent":0,"menu_order":0,"comment_status":"closed","ping_status":"closed","template":"","meta":{"_themeisle_gutenberg_block_has_review":false,"_vp_format_video_url":"","_vp_image_focal_point":[],"footnotes":""},"yoast_head":"<!-- This site is optimized with the Yoast SEO plugin v22.8 - https:\/\/yoast.com\/wordpress\/plugins\/seo\/ -->\n<title>Acerca de Fernando Zamora - Aquatic Notes<\/title>\n<meta name=\"robots\" content=\"index, follow, max-snippet:-1, max-image-preview:large, max-video-preview:-1\" \/>\n<link rel=\"canonical\" href=\"https:\/\/aquaticnotes.com\/2016\/es\/acerca-de-fernando-zamora\/\" \/>\n<meta property=\"og:locale\" content=\"es_ES\" \/>\n<meta property=\"og:type\" content=\"article\" \/>\n<meta property=\"og:title\" content=\"Acerca de Fernando Zamora - Aquatic Notes\" \/>\n<meta property=\"og:description\" content=\"Fernando Zamora (Madrid, 1983) es desde bien peque\u00f1o un apasionado de los animales. Licenciado en Biolog\u00eda por la Universidad Complutense de Madrid con la especialidad en Zoolog\u00eda. Ha trabajado en parques zool\u00f3gicos, mayoristas, tiendas e incluso ha sido emprendedor en el \u00e1mbito de los animales de compa\u00f1\u00eda. En la actualidad se dedica a la importaci\u00f3n [&hellip;]\" \/>\n<meta property=\"og:url\" content=\"https:\/\/aquaticnotes.com\/2016\/es\/acerca-de-fernando-zamora\/\" \/>\n<meta property=\"og:site_name\" content=\"Aquatic Notes\" \/>\n<meta property=\"article:publisher\" content=\"https:\/\/www.facebook.com\/aquatic.notes\" \/>\n<meta property=\"article:modified_time\" content=\"2022-06-12T09:39:16+00:00\" \/>\n<meta property=\"og:image\" content=\"http:\/\/aquaticnotes.com\/2016\/wp-content\/uploads\/fer-260x300.png\" \/>\n<meta name=\"twitter:card\" content=\"summary_large_image\" \/>\n<meta name=\"twitter:site\" content=\"@aquaticnotes\" \/>\n<meta name=\"twitter:label1\" content=\"Tiempo de lectura\" \/>\n\t<meta name=\"twitter:data1\" content=\"1 minuto\" \/>\n<script type=\"application\/ld+json\" class=\"yoast-schema-graph\">{\"@context\":\"https:\/\/schema.org\",\"@graph\":[{\"@type\":\"WebPage\",\"@id\":\"https:\/\/aquaticnotes.com\/2016\/es\/acerca-de-fernando-zamora\/\",\"url\":\"https:\/\/aquaticnotes.com\/2016\/es\/acerca-de-fernando-zamora\/\",\"name\":\"Acerca de Fernando Zamora - Aquatic Notes\",\"isPartOf\":{\"@id\":\"https:\/\/aquaticnotes.com\/2016\/#website\"},\"primaryImageOfPage\":{\"@id\":\"https:\/\/aquaticnotes.com\/2016\/es\/acerca-de-fernando-zamora\/#primaryimage\"},\"image\":{\"@id\":\"https:\/\/aquaticnotes.com\/2016\/es\/acerca-de-fernando-zamora\/#primaryimage\"},\"thumbnailUrl\":\"http:\/\/aquaticnotes.com\/2016\/wp-content\/uploads\/fer-260x300.png\",\"datePublished\":\"2018-11-06T09:31:22+00:00\",\"dateModified\":\"2022-06-12T09:39:16+00:00\",\"breadcrumb\":{\"@id\":\"https:\/\/aquaticnotes.com\/2016\/es\/acerca-de-fernando-zamora\/#breadcrumb\"},\"inLanguage\":\"es\",\"potentialAction\":[{\"@type\":\"ReadAction\",\"target\":[\"https:\/\/aquaticnotes.com\/2016\/es\/acerca-de-fernando-zamora\/\"]}]},{\"@type\":\"ImageObject\",\"inLanguage\":\"es\",\"@id\":\"https:\/\/aquaticnotes.com\/2016\/es\/acerca-de-fernando-zamora\/#primaryimage\",\"url\":\"https:\/\/aquaticnotes.com\/2016\/wp-content\/uploads\/fer.png\",\"contentUrl\":\"https:\/\/aquaticnotes.com\/2016\/wp-content\/uploads\/fer.png\",\"width\":520,\"height\":599},{\"@type\":\"BreadcrumbList\",\"@id\":\"https:\/\/aquaticnotes.com\/2016\/es\/acerca-de-fernando-zamora\/#breadcrumb\",\"itemListElement\":[{\"@type\":\"ListItem\",\"position\":1,\"name\":\"Portada\",\"item\":\"https:\/\/aquaticnotes.com\/2016\/\"},{\"@type\":\"ListItem\",\"position\":2,\"name\":\"Acerca de Fernando Zamora\"}]},{\"@type\":\"WebSite\",\"@id\":\"https:\/\/aquaticnotes.com\/2016\/#website\",\"url\":\"https:\/\/aquaticnotes.com\/2016\/\",\"name\":\"Aquatic Notes\",\"description\":\"Web de informaci\u00f3n de acuariofilia\",\"publisher\":{\"@id\":\"https:\/\/aquaticnotes.com\/2016\/#organization\"},\"potentialAction\":[{\"@type\":\"SearchAction\",\"target\":{\"@type\":\"EntryPoint\",\"urlTemplate\":\"https:\/\/aquaticnotes.com\/2016\/?s={search_term_string}\"},\"query-input\":\"required name=search_term_string\"}],\"inLanguage\":\"es\"},{\"@type\":\"Organization\",\"@id\":\"https:\/\/aquaticnotes.com\/2016\/#organization\",\"name\":\"Aquatic Notes\",\"url\":\"https:\/\/aquaticnotes.com\/2016\/\",\"logo\":{\"@type\":\"ImageObject\",\"inLanguage\":\"es\",\"@id\":\"https:\/\/aquaticnotes.com\/2016\/#\/schema\/logo\/image\/\",\"url\":\"https:\/\/aquaticnotes.com\/2016\/wp-content\/uploads\/2015\/10\/logo_prueba1.png\",\"contentUrl\":\"https:\/\/aquaticnotes.com\/2016\/wp-content\/uploads\/2015\/10\/logo_prueba1.png\",\"width\":607,\"height\":600,\"caption\":\"Aquatic Notes\"},\"image\":{\"@id\":\"https:\/\/aquaticnotes.com\/2016\/#\/schema\/logo\/image\/\"},\"sameAs\":[\"https:\/\/www.facebook.com\/aquatic.notes\",\"https:\/\/x.com\/aquaticnotes\",\"https:\/\/www.youtube.com\/user\/AquaticNotes\",\"https:\/\/www.flickr.com\/photos\/125107252@N05\/\",\"https:\/\/www.instagram.com\/aquaticnotes\/\"]}]}<\/script>\n<!-- \/ Yoast SEO plugin. -->","yoast_head_json":{"title":"Acerca de Fernando Zamora - Aquatic Notes","robots":{"index":"index","follow":"follow","max-snippet":"max-snippet:-1","max-image-preview":"max-image-preview:large","max-video-preview":"max-video-preview:-1"},"canonical":"https:\/\/aquaticnotes.com\/2016\/es\/acerca-de-fernando-zamora\/","og_locale":"es_ES","og_type":"article","og_title":"Acerca de Fernando Zamora - Aquatic Notes","og_description":"Fernando Zamora (Madrid, 1983) es desde bien peque\u00f1o un apasionado de los animales. Licenciado en Biolog\u00eda por la Universidad Complutense de Madrid con la especialidad en Zoolog\u00eda. Ha trabajado en parques zool\u00f3gicos, mayoristas, tiendas e incluso ha sido emprendedor en el \u00e1mbito de los animales de compa\u00f1\u00eda. En la actualidad se dedica a la importaci\u00f3n [&hellip;]","og_url":"https:\/\/aquaticnotes.com\/2016\/es\/acerca-de-fernando-zamora\/","og_site_name":"Aquatic Notes","article_publisher":"https:\/\/www.facebook.com\/aquatic.notes","article_modified_time":"2022-06-12T09:39:16+00:00","og_image":[{"url":"http:\/\/aquaticnotes.com\/2016\/wp-content\/uploads\/fer-260x300.png"}],"twitter_card":"summary_large_image","twitter_site":"@aquaticnotes","twitter_misc":{"Tiempo de lectura":"1 minuto"},"schema":{"@context":"https:\/\/schema.org","@graph":[{"@type":"WebPage","@id":"https:\/\/aquaticnotes.com\/2016\/es\/acerca-de-fernando-zamora\/","url":"https:\/\/aquaticnotes.com\/2016\/es\/acerca-de-fernando-zamora\/","name":"Acerca de Fernando Zamora - Aquatic Notes","isPartOf":{"@id":"https:\/\/aquaticnotes.com\/2016\/#website"},"primaryImageOfPage":{"@id":"https:\/\/aquaticnotes.com\/2016\/es\/acerca-de-fernando-zamora\/#primaryimage"},"image":{"@id":"https:\/\/aquaticnotes.com\/2016\/es\/acerca-de-fernando-zamora\/#primaryimage"},"thumbnailUrl":"http:\/\/aquaticnotes.com\/2016\/wp-content\/uploads\/fer-260x300.png","datePublished":"2018-11-06T09:31:22+00:00","dateModified":"2022-06-12T09:39:16+00:00","breadcrumb":{"@id":"https:\/\/aquaticnotes.com\/2016\/es\/acerca-de-fernando-zamora\/#breadcrumb"},"inLanguage":"es","potentialAction":[{"@type":"ReadAction","target":["https:\/\/aquaticnotes.com\/2016\/es\/acerca-de-fernando-zamora\/"]}]},{"@type":"ImageObject","inLanguage":"es","@id":"https:\/\/aquaticnotes.com\/2016\/es\/acerca-de-fernando-zamora\/#primaryimage","url":"https:\/\/aquaticnotes.com\/2016\/wp-content\/uploads\/fer.png","contentUrl":"https:\/\/aquaticnotes.com\/2016\/wp-content\/uploads\/fer.png","width":520,"height":599},{"@type":"BreadcrumbList","@id":"https:\/\/aquaticnotes.com\/2016\/es\/acerca-de-fernando-zamora\/#breadcrumb","itemListElement":[{"@type":"ListItem","position":1,"name":"Portada","item":"https:\/\/aquaticnotes.com\/2016\/"},{"@type":"ListItem","position":2,"name":"Acerca de Fernando Zamora"}]},{"@type":"WebSite","@id":"https:\/\/aquaticnotes.com\/2016\/#website","url":"https:\/\/aquaticnotes.com\/2016\/","name":"Aquatic Notes","description":"Web de informaci\u00f3n de acuariofilia","publisher":{"@id":"https:\/\/aquaticnotes.com\/2016\/#organization"},"potentialAction":[{"@type":"SearchAction","target":{"@type":"EntryPoint","urlTemplate":"https:\/\/aquaticnotes.com\/2016\/?s={search_term_string}"},"query-input":"required name=search_term_string"}],"inLanguage":"es"},{"@type":"Organization","@id":"https:\/\/aquaticnotes.com\/2016\/#organization","name":"Aquatic Notes","url":"https:\/\/aquaticnotes.com\/2016\/","logo":{"@type":"ImageObject","inLanguage":"es","@id":"https:\/\/aquaticnotes.com\/2016\/#\/schema\/logo\/image\/","url":"https:\/\/aquaticnotes.com\/2016\/wp-content\/uploads\/2015\/10\/logo_prueba1.png","contentUrl":"https:\/\/aquaticnotes.com\/2016\/wp-content\/uploads\/2015\/10\/logo_prueba1.png","width":607,"height":600,"caption":"Aquatic Notes"},"image":{"@id":"https:\/\/aquaticnotes.com\/2016\/#\/schema\/logo\/image\/"},"sameAs":["https:\/\/www.facebook.com\/aquatic.notes","https:\/\/x.com\/aquaticnotes","https:\/\/www.youtube.com\/user\/AquaticNotes","https:\/\/www.flickr.com\/photos\/125107252@N05\/","https:\/\/www.instagram.com\/aquaticnotes\/"]}]}},"_links":{"self":[{"href":"https:\/\/aquaticnotes.com\/2016\/wp-json\/wp\/v2\/pages\/7405"}],"collection":[{"href":"https:\/\/aquaticnotes.com\/2016\/wp-json\/wp\/v2\/pages"}],"about":[{"href":"https:\/\/aquaticnotes.com\/2016\/wp-json\/wp\/v2\/types\/page"}],"author":[{"embeddable":true,"href":"https:\/\/aquaticnotes.com\/2016\/wp-json\/wp\/v2\/users\/1"}],"replies":[{"embeddable":true,"href":"https:\/\/aquaticnotes.com\/2016\/wp-json\/wp\/v2\/comments?post=7405"}],"version-history":[{"count":5,"href":"https:\/\/aquaticnotes.com\/2016\/wp-json\/wp\/v2\/pages\/7405\/revisions"}],"predecessor-version":[{"id":24877,"href":"https:\/\/aquaticnotes.com\/2016\/wp-json\/wp\/v2\/pages\/7405\/revisions\/24877"}],"wp:attachment":[{"href":"https:\/\/aquaticnotes.com\/2016\/wp-json\/wp\/v2\/media?parent=7405"}],"curies":[{"name":"wp","href":"https:\/\/api.w.org\/{rel}","templated":true}]}}